{"id":199,"date":"2023-10-03T06:25:12","date_gmt":"2023-10-03T06:25:12","guid":{"rendered":"https:\/\/divorciostijuana.com\/?page_id=199"},"modified":"2023-10-03T06:25:12","modified_gmt":"2023-10-03T06:25:12","slug":"terminos-y-condiciones-de-uso","status":"publish","type":"page","link":"https:\/\/divorciostijuana.com\/en\/terminos-y-condiciones-de-uso\/","title":{"rendered":"T\u00e9rminos y Condiciones de Uso"},"content":{"rendered":"<div id=\"fws_69e793761901c\"  data-column-margin=\"default\" data-midnight=\"dark\"  class=\"wpb_row vc_row-fluid vc_row standard_section\"  style=\"padding-top: 0px; padding-bottom: 0px; \"><div class=\"row-bg-wrap\" data-bg-animation=\"none\" data-bg-overlay=\"false\"><div class=\"inner-wrap\"><div class=\"row-bg\"  style=\"\"><\/div><\/div><div class=\"row-bg-overlay\" ><\/div><\/div><div class=\"row_col_wrap_12 col span_12 dark left\">\n\t<div  class=\"vc_col-sm-12 wpb_column column_container vc_column_container col no-extra-padding inherit_tablet inherit_phone\"  data-t-w-inherits=\"default\" data-bg-cover=\"\" data-padding-pos=\"all\" data-has-bg-color=\"false\" data-bg-color=\"\" data-bg-opacity=\"1\" data-hover-bg=\"\" data-hover-bg-opacity=\"1\" data-animation=\"\" data-delay=\"0\" >\n\t\t<div class=\"vc_column-inner\" ><div class=\"column-bg-overlay-wrap\" data-bg-animation=\"none\"><div class=\"column-bg-overlay\"><\/div><\/div>\n\t\t\t<div class=\"wpb_wrapper\">\n\t\t\t\t<div id=\"fws_69e79376194ba\" data-midnight=\"\" data-column-margin=\"default\" class=\"wpb_row vc_row-fluid vc_row inner_row standard_section\"  style=\"padding-top: 0px; padding-bottom: 0px; \"><div class=\"row-bg-wrap\"> <div class=\"row-bg\" ><\/div> <\/div><div class=\"row_col_wrap_12_inner col span_12  left\">\n\t<div  class=\"vc_col-sm-12 wpb_column column_container vc_column_container col child_column no-extra-padding inherit_tablet inherit_phone\"   data-t-w-inherits=\"default\" data-bg-cover=\"\" data-padding-pos=\"all\" data-has-bg-color=\"false\" data-bg-color=\"\" data-bg-opacity=\"1\" data-hover-bg=\"\" data-hover-bg-opacity=\"1\" data-animation=\"\" data-delay=\"0\">\n\t\t<div class=\"vc_column-inner\" ><div class=\"column-bg-overlay-wrap\" data-bg-animation=\"none\"><div class=\"column-bg-overlay\"><\/div><\/div>\n\t\t<div class=\"wpb_wrapper\">\n\t\t\t\r\n<div class=\"wpb_text_column wpb_content_element\" >\r\n\t<div class=\"wpb_wrapper\">\r\n\t\t<p><span style=\"color: #000000;\">Bienvenido a la p\u00e1gina web de divorcios en Tijuana (en adelante, &#8220;https:\/\/divorciostijuana.com\/&#8221;). Estos t\u00e9rminos y condiciones de uso (en adelante, &#8220;T\u00e9rminos&#8221;) rigen tu acceso y uso del Sitio. Al acceder y utilizar el Sitio, aceptas cumplir con estos T\u00e9rminos en su totalidad. Si no est\u00e1s de acuerdo con estos T\u00e9rminos, por favor, abstente de utilizar el Sitio.<\/span><\/p>\n<p><span style=\"color: #000000;\"><strong>1. Uso del Sitio<\/strong><\/span><\/p>\n<p><span style=\"color: #000000;\">1.1. <strong>Prop\u00f3sito del Sitio<\/strong>: El Sitio tiene como objetivo proporcionar informaci\u00f3n y recursos relacionados con los servicios de divorcio en Tijuana y conectar a usuarios con abogados especializados en la materia.<\/span><\/p>\n<p><span style=\"color: #000000;\">1.2. <strong>Informaci\u00f3n Personal<\/strong>: Al utilizar el Sitio, puedes proporcionar informaci\u00f3n personal. Aseg\u00farate de que toda la informaci\u00f3n que proporciones sea precisa y est\u00e9 actualizada. Nos reservamos el derecho de utilizar esta informaci\u00f3n de acuerdo con nuestra Pol\u00edtica de Privacidad.<\/span><\/p>\n<p><span style=\"color: #000000;\">1.3. <strong>Acceso y Cuenta<\/strong>: Puedes acceder a ciertas \u00e1reas del Sitio de forma gratuita, mientras que otras pueden requerir la creaci\u00f3n de una cuenta. Eres responsable de mantener la confidencialidad de tus credenciales de acceso y de todas las actividades realizadas en tu cuenta.<\/span><\/p>\n<p><span style=\"color: #000000;\"><strong>2. Propiedad Intelectual<\/strong><\/span><\/p>\n<p><span style=\"color: #000000;\">2.1. <strong>Derechos de Autor<\/strong>: Todo el contenido presente en el Sitio, incluyendo textos, im\u00e1genes, logotipos, gr\u00e1ficos y otros materiales, est\u00e1n protegidos por derechos de autor y otros derechos de propiedad intelectual. No est\u00e1 permitida la reproducci\u00f3n, distribuci\u00f3n o modificaci\u00f3n de dicho contenido sin el consentimiento previo.<\/span><\/p>\n<p><span style=\"color: #000000;\"><strong>3. Limitaci\u00f3n de Responsabilidad<\/strong><\/span><\/p>\n<p><span style=\"color: #000000;\">3.1. <strong>Uso bajo su Propio Riesgo<\/strong>: El uso del Sitio se realiza bajo tu propio riesgo. <em>Divorcios Tijuana<\/em> no se hace responsable de la precisi\u00f3n, legalidad o idoneidad de la informaci\u00f3n proporcionada en el Sitio.<\/span><\/p>\n<p><span style=\"color: #000000;\">3.2. <strong>Exclusi\u00f3n de Garant\u00edas<\/strong>: El Sitio se proporciona &#8220;tal cual&#8221; y &#8220;seg\u00fan disponibilidad&#8221;, sin garant\u00edas de ning\u00fan tipo, ya sean expresas o impl\u00edcitas.<\/span><\/p>\n<p><span style=\"color: #000000;\">3.3. <strong>Limitaci\u00f3n de Responsabilidad<\/strong>: <em>Divorcios Tijuana<\/em> no ser\u00e1 responsable de ning\u00fan da\u00f1o directo, indirecto, incidental, especial o consecuente que surja del uso o la imposibilidad de uso del Sitio.<\/span><\/p>\n<p><span style=\"color: #000000;\"><strong>4. Enlaces a Terceros<\/strong><\/span><\/p>\n<p><span style=\"color: #000000;\">El Sitio puede contener enlaces a sitios web de terceros. Estos enlaces son proporcionados solo como una conveniencia. <em>Divorcios Tijuana<\/em> no tiene control sobre el contenido de estos sitios y no asume responsabilidad por su contenido o pr\u00e1cticas de privacidad. El acceso a estos sitios se realiza bajo tu propio riesgo.<\/span><\/p>\n<p><span style=\"color: #000000;\"><strong>5. Cambios a los T\u00e9rminos y Condiciones<\/strong><\/span><\/p>\n<p><span style=\"color: #000000;\"><em>Divorcios\u00a0 Tijuana<\/em> se reserva el derecho de modificar estos T\u00e9rminos en cualquier momento y sin previo aviso. Los cambios entrar\u00e1n en vigencia en la fecha de su publicaci\u00f3n en el Sitio. Te recomendamos revisar peri\u00f3dicamente estos T\u00e9rminos para estar al tanto de las actualizaciones.<\/span><\/p>\n<p><span style=\"color: #000000;\"><strong>6. Contacto<\/strong><\/span><\/p>\n<p>Si tienes alguna pregunta o comentario sobre estos T\u00e9rminos, por favor, cont\u00e1ctanos a trav\u00e9s de nuestras diferentes opciones de contacto, en la secci\u00f3n de contacto.<\/p>\n\t<\/div>\r\n<\/div>\r\n\r\n\r\n\r\n\n\t\t<\/div> \n\t<\/div>\n\t<\/div> \n<\/div><\/div>\n\t\t\t<\/div> \n\t\t<\/div>\n\t<\/div> \n<\/div><\/div>","protected":false},"excerpt":{"rendered":"Bienvenido a la p\u00e1gina web de divorcios en Tijuana (en adelante, \"https:\/\/divorciostijuana.com\/\"). Estos t\u00e9rminos y condiciones de uso (en adelante, \"T\u00e9rminos\") rigen tu acceso y uso del Sitio. Al acceder...","protected":false},"author":1,"featured_media":0,"parent":0,"menu_order":0,"comment_status":"closed","ping_status":"closed","template":"","meta":{"_joinchat":[],"footnotes":""},"class_list":["post-199","page","type-page","status-publish"],"_links":{"self":[{"href":"https:\/\/divorciostijuana.com\/en\/wp-json\/wp\/v2\/pages\/199","targetHints":{"allow":["GET"]}}],"collection":[{"href":"https:\/\/divorciostijuana.com\/en\/wp-json\/wp\/v2\/pages"}],"about":[{"href":"https:\/\/divorciostijuana.com\/en\/wp-json\/wp\/v2\/types\/page"}],"author":[{"embeddable":true,"href":"https:\/\/divorciostijuana.com\/en\/wp-json\/wp\/v2\/users\/1"}],"replies":[{"embeddable":true,"href":"https:\/\/divorciostijuana.com\/en\/wp-json\/wp\/v2\/comments?post=199"}],"version-history":[{"count":1,"href":"https:\/\/divorciostijuana.com\/en\/wp-json\/wp\/v2\/pages\/199\/revisions"}],"predecessor-version":[{"id":201,"href":"https:\/\/divorciostijuana.com\/en\/wp-json\/wp\/v2\/pages\/199\/revisions\/201"}],"wp:attachment":[{"href":"https:\/\/divorciostijuana.com\/en\/wp-json\/wp\/v2\/media?parent=199"}],"curies":[{"name":"wp","href":"https:\/\/api.w.org\/{rel}","templated":true}]}}