{"id":194,"date":"2023-10-03T06:16:10","date_gmt":"2023-10-03T06:16:10","guid":{"rendered":"https:\/\/divorciostijuana.com\/?page_id=194"},"modified":"2023-10-03T06:17:02","modified_gmt":"2023-10-03T06:17:02","slug":"aviso-de-privacidad","status":"publish","type":"page","link":"https:\/\/divorciostijuana.com\/es_es\/aviso-de-privacidad\/","title":{"rendered":"Aviso de privacidad"},"content":{"rendered":"<div id=\"fws_69e5b9507bbc4\"  data-column-margin=\"default\" data-midnight=\"dark\"  class=\"wpb_row vc_row-fluid vc_row standard_section\"  style=\"padding-top: 0px; padding-bottom: 0px; \"><div class=\"row-bg-wrap\" data-bg-animation=\"none\" data-bg-overlay=\"false\"><div class=\"inner-wrap\"><div class=\"row-bg\"  style=\"\"><\/div><\/div><div class=\"row-bg-overlay\" ><\/div><\/div><div class=\"row_col_wrap_12 col span_12 dark left\">\n\t<div  class=\"vc_col-sm-12 wpb_column column_container vc_column_container col no-extra-padding inherit_tablet inherit_phone\"  data-t-w-inherits=\"default\" data-bg-cover=\"\" data-padding-pos=\"all\" data-has-bg-color=\"false\" data-bg-color=\"\" data-bg-opacity=\"1\" data-hover-bg=\"\" data-hover-bg-opacity=\"1\" data-animation=\"\" data-delay=\"0\" >\n\t\t<div class=\"vc_column-inner\" ><div class=\"column-bg-overlay-wrap\" data-bg-animation=\"none\"><div class=\"column-bg-overlay\"><\/div><\/div>\n\t\t\t<div class=\"wpb_wrapper\">\n\t\t\t\t<div id=\"fws_69e5b9507c194\" data-midnight=\"\" data-column-margin=\"default\" class=\"wpb_row vc_row-fluid vc_row inner_row standard_section\"  style=\"padding-top: 0px; padding-bottom: 0px; \"><div class=\"row-bg-wrap\"> <div class=\"row-bg\" ><\/div> <\/div><div class=\"row_col_wrap_12_inner col span_12  left\">\n\t<div  class=\"vc_col-sm-12 wpb_column column_container vc_column_container col child_column no-extra-padding inherit_tablet inherit_phone\"   data-t-w-inherits=\"default\" data-bg-cover=\"\" data-padding-pos=\"all\" data-has-bg-color=\"false\" data-bg-color=\"\" data-bg-opacity=\"1\" data-hover-bg=\"\" data-hover-bg-opacity=\"1\" data-animation=\"\" data-delay=\"0\">\n\t\t<div class=\"vc_column-inner\" ><div class=\"column-bg-overlay-wrap\" data-bg-animation=\"none\"><div class=\"column-bg-overlay\"><\/div><\/div>\n\t\t<div class=\"wpb_wrapper\">\n\t\t\t\r\n<div class=\"wpb_text_column wpb_content_element\" >\r\n\t<div class=\"wpb_wrapper\">\r\n\t\t<p><span style=\"color: #000000;\"><strong>Aviso de Privacidad para P\u00e1gina Web de Divorcios en Tijuana<\/strong><\/span><\/p>\n<p><span style=\"color: #000000;\">El presente aviso de privacidad se emite en cumplimiento de la Ley Federal de Protecci\u00f3n de Datos Personales en Posesi\u00f3n de Particulares (LFPDPPP) y tiene como objetivo informarte sobre el manejo y tratamiento de tus datos personales por parte de Divorcios en Tijuana<\/span><\/p>\n<p>&nbsp;<\/p>\n<p><span style=\"color: #000000;\"><strong>Finalidad del Tratamiento de Datos Personales<\/strong><\/span><\/p>\n<p><span style=\"color: #000000;\">Los datos personales que recabamos a trav\u00e9s de nuestra p\u00e1gina web ser\u00e1n utilizados para los siguientes fines:<\/span><\/p>\n<ol>\n<li><span style=\"color: #000000;\">Proveerte de informaci\u00f3n sobre servicios relacionados con el divorcio en Tijuana.<\/span><\/li>\n<li><span style=\"color: #000000;\">Facilitar el contacto y asesoramiento con abogados especializados en divorcio.<\/span><\/li>\n<li><span style=\"color: #000000;\">Brindarte recursos informativos y herramientas relacionadas con los procedimientos de divorcio en Tijuana.<\/span><\/li>\n<\/ol>\n<p><span style=\"color: #000000;\"><strong>Datos Personales que Recabamos<\/strong><\/span><\/p>\n<p><span style=\"color: #000000;\">Los datos personales que podemos recabar a trav\u00e9s de nuestra p\u00e1gina web incluyen, pero no se limitan a:<\/span><\/p>\n<ul>\n<li><span style=\"color: #000000;\">Nombre completo.<\/span><\/li>\n<li><span style=\"color: #000000;\">Direcci\u00f3n de correo electr\u00f3nico.<\/span><\/li>\n<li><span style=\"color: #000000;\">N\u00famero de tel\u00e9fono.<\/span><\/li>\n<li><span style=\"color: #000000;\">Informaci\u00f3n relacionada con tu situaci\u00f3n legal y de divorcio.<\/span><\/li>\n<\/ul>\n<p><span style=\"color: #000000;\"><strong>Medios para Ejercer tus Derechos ARCO<\/strong><\/span><\/p>\n<p><span style=\"color: #000000;\">Tienes derecho a acceder, rectificar, cancelar u oponerte al tratamiento de tus datos personales, as\u00ed como a revocar el consentimiento que nos has otorgado para el tratamiento de los mismos. Para ejercer estos derechos, puedes ponerte en contacto con nosotros a trav\u00e9s de nuestras formas de contacto en la secci\u00f3n de contacto.<\/span><\/p>\n<p><span style=\"color: #000000;\"><strong>Seguridad de tus Datos Personales<\/strong><\/span><\/p>\n<p><span style=\"color: #000000;\">Implementamos medidas de seguridad f\u00edsicas, administrativas y t\u00e9cnicas para proteger tus datos personales y evitar su p\u00e9rdida, uso indebido o acceso no autorizado.<\/span><\/p>\n<p><span style=\"color: #000000;\"><strong>Cookies y Tecnolog\u00edas Similares<\/strong><\/span><\/p>\n<p><span style=\"color: #000000;\">Nuestra p\u00e1gina web puede utilizar cookies u otras tecnolog\u00edas similares para mejorar tu experiencia de usuario. Puedes consultar nuestra Pol\u00edtica de Cookies para obtener m\u00e1s informaci\u00f3n sobre c\u00f3mo utilizamos estas tecnolog\u00edas.<\/span><\/p>\n<p><span style=\"color: #000000;\"><strong>Cambios al Aviso de Privacidad<\/strong><\/span><\/p>\n<p><span style=\"color: #000000;\">Nos reservamos el derecho de realizar modificaciones o actualizaciones a este aviso de privacidad en cualquier momento, para cumplir con cambios legislativos, pol\u00edticas internas o requerimientos del mercado. Cualquier modificaci\u00f3n ser\u00e1 notificada a trav\u00e9s de nuestra p\u00e1gina web.<\/span><\/p>\n<p><span style=\"color: #000000;\"><strong>Consentimiento<\/strong><\/span><\/p>\n<p><span style=\"color: #000000;\">Al utilizar nuestra p\u00e1gina web y proporcionar tus datos personales, aceptas los t\u00e9rminos y condiciones de este aviso de privacidad, as\u00ed como el tratamiento de tus datos personales de acuerdo con las finalidades establecidas en el mismo.<\/span><\/p>\n\t<\/div>\r\n<\/div>\r\n\r\n\r\n\r\n\n\t\t<\/div> \n\t<\/div>\n\t<\/div> \n<\/div><\/div>\n\t\t\t<\/div> \n\t\t<\/div>\n\t<\/div> \n<\/div><\/div>","protected":false},"excerpt":{"rendered":"Aviso de Privacidad para P\u00e1gina Web de Divorcios en Tijuana El presente aviso de privacidad se emite en cumplimiento de la Ley Federal de Protecci\u00f3n de Datos Personales en Posesi\u00f3n...","protected":false},"author":1,"featured_media":0,"parent":0,"menu_order":0,"comment_status":"closed","ping_status":"closed","template":"","meta":{"_joinchat":[],"footnotes":""},"class_list":["post-194","page","type-page","status-publish"],"_links":{"self":[{"href":"https:\/\/divorciostijuana.com\/es_es\/wp-json\/wp\/v2\/pages\/194","targetHints":{"allow":["GET"]}}],"collection":[{"href":"https:\/\/divorciostijuana.com\/es_es\/wp-json\/wp\/v2\/pages"}],"about":[{"href":"https:\/\/divorciostijuana.com\/es_es\/wp-json\/wp\/v2\/types\/page"}],"author":[{"embeddable":true,"href":"https:\/\/divorciostijuana.com\/es_es\/wp-json\/wp\/v2\/users\/1"}],"replies":[{"embeddable":true,"href":"https:\/\/divorciostijuana.com\/es_es\/wp-json\/wp\/v2\/comments?post=194"}],"version-history":[{"count":2,"href":"https:\/\/divorciostijuana.com\/es_es\/wp-json\/wp\/v2\/pages\/194\/revisions"}],"predecessor-version":[{"id":198,"href":"https:\/\/divorciostijuana.com\/es_es\/wp-json\/wp\/v2\/pages\/194\/revisions\/198"}],"wp:attachment":[{"href":"https:\/\/divorciostijuana.com\/es_es\/wp-json\/wp\/v2\/media?parent=194"}],"curies":[{"name":"wp","href":"https:\/\/api.w.org\/{rel}","templated":true}]}}